{"id":29,"date":"2020-12-09T16:25:08","date_gmt":"2020-12-09T15:25:08","guid":{"rendered":"https:\/\/johannelund.nu\/bibelskola\/?page_id=29"},"modified":"2026-02-10T16:09:53","modified_gmt":"2026-02-10T15:09:53","slug":"vad","status":"publish","type":"page","link":"https:\/\/johannelund.nu\/bibelskola\/vad\/","title":{"rendered":"Vad?"},"content":{"rendered":"<p>[et_pb_section fb_built=&#8221;1&#8243; fullwidth=&#8221;on&#8221; admin_label=&#8221;Hero Section&#8221; _builder_version=&#8221;4.16&#8243; background_color=&#8221;rgba(2,1,2,0)&#8221; background_enable_video_mp4=&#8221;off&#8221; custom_margin=&#8221;-63px||||false|false&#8221; custom_padding=&#8221;49px||||false|false&#8221; locked=&#8221;off&#8221; collapsed=&#8221;off&#8221; global_colors_info=&#8221;{}&#8221;][et_pb_fullwidth_header text_orientation=&#8221;center&#8221; button_one_url=&#8221;@ET-DC@eyJkeW5hbWljIjp0cnVlLCJjb250ZW50IjoicG9zdF9saW5rX3VybF9wYWdlIiwic2V0dGluZ3MiOnsicG9zdF9pZCI6IjE0In19@&#8221; background_overlay_color=&#8221;rgba(9,9,9,0)&#8221; _builder_version=&#8221;4.25.1&#8243; _dynamic_attributes=&#8221;button_one_url&#8221; title_font=&#8221;Playfair Display SC|700||on|||||&#8221; title_text_align=&#8221;center&#8221; title_text_color=&#8221;#eae0a6&#8243; title_font_size=&#8221;65px&#8221; title_letter_spacing=&#8221;2px&#8221; title_line_height=&#8221;1.8em&#8221; subhead_font=&#8221;Playfair Display|700||on|||||&#8221; subhead_text_align=&#8221;left&#8221; subhead_text_color=&#8221;#eae0a6&#8243; subhead_font_size=&#8221;48px&#8221; subhead_line_height=&#8221;1.4em&#8221; background_enable_color=&#8221;off&#8221; background_image=&#8221;https:\/\/johannelund.nu\/bibelskola\/wp-content\/uploads\/2025\/03\/vandra1_20240516101614_IMG_0865-1.jpg&#8221; background_enable_video_mp4=&#8221;off&#8221; custom_button_one=&#8221;on&#8221; button_one_text_color=&#8221;#090909&#8243; button_one_border_width=&#8221;1px&#8221; button_one_border_color=&#8221;#090909&#8243; button_one_border_radius=&#8221;0px&#8221; button_one_letter_spacing=&#8221;1px&#8221; button_one_font=&#8221;Saira Extra Condensed|600||on|||||&#8221; button_one_icon=&#8221;&#x24;||divi||400&#8243; button_one_icon_color=&#8221;#090909&#8243; custom_button_two=&#8221;on&#8221; button_two_border_width=&#8221;1px&#8221; button_two_border_color=&#8221;rgba(255,255,255,0.3)&#8221; button_two_border_radius=&#8221;0px&#8221; button_two_letter_spacing=&#8221;1px&#8221; button_two_font=&#8221;Saira Extra Condensed|600||on|||||&#8221; button_two_icon=&#8221;&#x24;||divi||400&#8243; button_two_icon_color=&#8221;#edbb5f&#8221; module_alignment=&#8221;right&#8221; min_height=&#8221;608px&#8221; custom_margin=&#8221;||||false|false&#8221; custom_padding=&#8221;4%||65px||false|false&#8221; button_one_text_color_hover=&#8221;#edbb5f&#8221; button_two_text_color_hover=&#8221;#edbb5f&#8221; button_one_bg_color_hover=&#8221;rgba(0,0,0,0)&#8221; button_two_bg_color_hover=&#8221;rgba(0,0,0,0)&#8221; global_colors_info=&#8221;{}&#8221; button_one_text_size__hover_enabled=&#8221;off&#8221; button_two_text_size__hover_enabled=&#8221;off&#8221; button_one_text_color__hover_enabled=&#8221;on|hover&#8221; button_one_text_color__hover=&#8221;#090909&#8243; button_two_text_color__hover_enabled=&#8221;on&#8221; button_two_text_color__hover=&#8221;#edbb5f&#8221; button_one_border_width__hover_enabled=&#8221;off&#8221; button_two_border_width__hover_enabled=&#8221;off&#8221; button_one_border_color__hover_enabled=&#8221;off&#8221; button_two_border_color__hover_enabled=&#8221;off&#8221; button_one_border_radius__hover_enabled=&#8221;off&#8221; button_two_border_radius__hover_enabled=&#8221;off&#8221; button_one_letter_spacing__hover_enabled=&#8221;off&#8221; button_two_letter_spacing__hover_enabled=&#8221;off&#8221; button_one_bg_color__hover_enabled=&#8221;on|hover&#8221; button_one_bg_color__hover=&#8221;rgba(0,0,0,0)&#8221; button_two_bg_color__hover_enabled=&#8221;on&#8221; button_two_bg_color__hover=&#8221;rgba(0,0,0,0)&#8221;][\/et_pb_fullwidth_header][\/et_pb_section][et_pb_section fb_built=&#8221;1&#8243; _builder_version=&#8221;4.16&#8243; _module_preset=&#8221;default&#8221; background_enable_image=&#8221;off&#8221; background_size=&#8221;contain&#8221; background_position=&#8221;top_left&#8221; custom_padding=&#8221;0px||0px|||&#8221; locked=&#8221;off&#8221; collapsed=&#8221;off&#8221; global_colors_info=&#8221;{}&#8221;][et_pb_row _builder_version=&#8221;4.16&#8243; _module_preset=&#8221;default&#8221; global_colors_info=&#8221;{}&#8221;][et_pb_column type=&#8221;4_4&#8243; _builder_version=&#8221;4.16&#8243; _module_preset=&#8221;default&#8221; global_colors_info=&#8221;{}&#8221;][et_pb_text disabled_on=&#8221;on|on|on&#8221; _builder_version=&#8221;4.25.1&#8243; _module_preset=&#8221;default&#8221; text_text_color=&#8221;#000000&#8243; header_text_align=&#8221;center&#8221; header_text_color=&#8221;#000000&#8243; header_font_size=&#8221;65px&#8221; header_letter_spacing=&#8221;1px&#8221; header_font_size_tablet=&#8221;55px&#8221; header_font_size_phone=&#8221;45px&#8221; header_font_size_last_edited=&#8221;on|phone&#8221; disabled=&#8221;on&#8221; global_colors_info=&#8221;{}&#8221;]<\/p>\n<h1>Vad?<\/h1>\n<p>[\/et_pb_text][\/et_pb_column][\/et_pb_row][et_pb_row column_structure=&#8221;1_2,1_2&#8243; _builder_version=&#8221;4.16&#8243; _module_preset=&#8221;default&#8221; max_width=&#8221;805px&#8221; custom_padding=&#8221;0px||0px|||&#8221; global_colors_info=&#8221;{}&#8221;][et_pb_column type=&#8221;1_2&#8243; _builder_version=&#8221;4.16&#8243; _module_preset=&#8221;default&#8221; global_colors_info=&#8221;{}&#8221;][et_pb_text disabled_on=&#8221;on|on|on&#8221; _builder_version=&#8221;4.16&#8243; text_font=&#8221;||||||||&#8221; header_font=&#8221;||||||||&#8221; header_2_font=&#8221;Playfair Display|700|||||||&#8221; header_2_font_size=&#8221;30px&#8221; header_2_letter_spacing=&#8221;1px&#8221; header_2_line_height=&#8221;1.4em&#8221; header_3_font=&#8221;Poppins|700||on|||||&#8221; header_3_text_color=&#8221;#d1563e&#8221; header_3_font_size=&#8221;18px&#8221; header_3_letter_spacing=&#8221;1px&#8221; header_3_line_height=&#8221;2em&#8221; text_orientation=&#8221;center&#8221; max_width=&#8221;700px&#8221; module_alignment=&#8221;center&#8221; custom_margin=&#8221;||30px|||&#8221; disabled=&#8221;on&#8221; global_colors_info=&#8221;{}&#8221;]<\/p>\n<h2>utbildningen<\/h2>\n<p>&nbsp;<\/p>\n<p>[\/et_pb_text][et_pb_divider color=&#8221;#d1563e&#8221; divider_weight=&#8221;2px&#8221; disabled_on=&#8221;on|on|on&#8221; _builder_version=&#8221;4.16&#8243; max_width=&#8221;60px&#8221; module_alignment=&#8221;center&#8221; height=&#8221;2px&#8221; disabled=&#8221;on&#8221; global_colors_info=&#8221;{}&#8221;][\/et_pb_divider][et_pb_text disabled_on=&#8221;on|on|on&#8221; _builder_version=&#8221;4.16&#8243; text_font=&#8221;||||||||&#8221; link_font=&#8221;Poppins|700||on|||||&#8221; link_text_align=&#8221;center&#8221; link_text_color=&#8221;#e02b20&#8243; link_font_size=&#8221;16px&#8221; header_font=&#8221;||||||||&#8221; header_2_font=&#8221;Playfair Display|700|||||||&#8221; header_2_font_size=&#8221;30px&#8221; header_2_letter_spacing=&#8221;1px&#8221; header_2_line_height=&#8221;1.4em&#8221; header_3_font=&#8221;Poppins|700||on|||||&#8221; header_3_text_color=&#8221;#d1563e&#8221; header_3_font_size=&#8221;18px&#8221; header_3_letter_spacing=&#8221;1px&#8221; header_3_line_height=&#8221;2em&#8221; background_enable_color=&#8221;off&#8221; text_orientation=&#8221;center&#8221; max_width=&#8221;700px&#8221; module_alignment=&#8221;center&#8221; custom_margin=&#8221;||||false|false&#8221; custom_padding=&#8221;15px||15px||false|false&#8221; disabled=&#8221;on&#8221; global_colors_info=&#8221;{}&#8221;]<a href=\"#undervisning\">L\u00c4S MER<\/a>[\/et_pb_text][\/et_pb_column][et_pb_column type=&#8221;1_2&#8243; _builder_version=&#8221;4.16&#8243; _module_preset=&#8221;default&#8221; global_colors_info=&#8221;{}&#8221;][et_pb_text disabled_on=&#8221;on|on|on&#8221; _builder_version=&#8221;4.16&#8243; text_font=&#8221;||||||||&#8221; header_font=&#8221;||||||||&#8221; header_2_font=&#8221;Playfair Display|700|||||||&#8221; header_2_font_size=&#8221;30px&#8221; header_2_letter_spacing=&#8221;1px&#8221; header_2_line_height=&#8221;1.4em&#8221; header_3_font=&#8221;Poppins|700||on|||||&#8221; header_3_text_color=&#8221;#d1563e&#8221; header_3_font_size=&#8221;18px&#8221; header_3_letter_spacing=&#8221;1px&#8221; header_3_line_height=&#8221;2em&#8221; text_orientation=&#8221;center&#8221; max_width=&#8221;700px&#8221; module_alignment=&#8221;center&#8221; custom_margin=&#8221;||||false|false&#8221; disabled=&#8221;on&#8221; global_colors_info=&#8221;{}&#8221;]<\/p>\n<h2>utflykter &amp; resor<\/h2>\n<p>[\/et_pb_text][et_pb_divider color=&#8221;#d1563e&#8221; divider_weight=&#8221;2px&#8221; disabled_on=&#8221;on|on|on&#8221; _builder_version=&#8221;4.16&#8243; max_width=&#8221;60px&#8221; module_alignment=&#8221;center&#8221; height=&#8221;2px&#8221; disabled=&#8221;on&#8221; global_colors_info=&#8221;{}&#8221;][\/et_pb_divider][et_pb_text disabled_on=&#8221;on|on|on&#8221; _builder_version=&#8221;4.16&#8243; text_font=&#8221;||||||||&#8221; link_font=&#8221;Poppins|700||on|||||&#8221; link_text_align=&#8221;center&#8221; link_text_color=&#8221;#e02b20&#8243; link_font_size=&#8221;16px&#8221; header_font=&#8221;||||||||&#8221; header_2_font=&#8221;Playfair Display|700|||||||&#8221; header_2_font_size=&#8221;30px&#8221; header_2_letter_spacing=&#8221;1px&#8221; header_2_line_height=&#8221;1.4em&#8221; header_3_font=&#8221;Poppins|700||on|||||&#8221; header_3_text_color=&#8221;#d1563e&#8221; header_3_font_size=&#8221;18px&#8221; header_3_letter_spacing=&#8221;1px&#8221; header_3_line_height=&#8221;2em&#8221; background_enable_color=&#8221;off&#8221; text_orientation=&#8221;center&#8221; max_width=&#8221;700px&#8221; module_alignment=&#8221;center&#8221; custom_margin=&#8221;||||false|false&#8221; custom_padding=&#8221;15px||15px||false|false&#8221; disabled=&#8221;on&#8221; global_colors_info=&#8221;{}&#8221;]<a href=\"#retreat\">L\u00c4S MER<\/a>[\/et_pb_text][\/et_pb_column][\/et_pb_row][\/et_pb_section][et_pb_section fb_built=&#8221;1&#8243; disabled_on=&#8221;off|off|off&#8221; _builder_version=&#8221;4.16&#8243; _module_preset=&#8221;default&#8221; custom_padding=&#8221;0px|||||&#8221; locked=&#8221;off&#8221; global_colors_info=&#8221;{}&#8221;][et_pb_row disabled_on=&#8221;off|off|off&#8221; _builder_version=&#8221;4.16&#8243; _module_preset=&#8221;default&#8221; custom_padding=&#8221;0px|||||&#8221; global_colors_info=&#8221;{}&#8221;][et_pb_column type=&#8221;4_4&#8243; _builder_version=&#8221;4.16&#8243; _module_preset=&#8221;default&#8221; global_colors_info=&#8221;{}&#8221;][et_pb_text disabled_on=&#8221;on|on|on&#8221; _builder_version=&#8221;4.25.1&#8243; text_font_size=&#8221;16px&#8221; text_letter_spacing=&#8221;1px&#8221; text_line_height=&#8221;1.9em&#8221; text_orientation=&#8221;center&#8221; max_width=&#8221;700px&#8221; module_alignment=&#8221;center&#8221; disabled=&#8221;on&#8221; global_colors_info=&#8221;{}&#8221;]<\/p>\n<h2 style=\"text-align: left;\">Undervisningen \u00e4r uppdelad i fyra huvudomr\u00e5den.<\/h2>\n<ul>\n<li style=\"text-align: left;\"><strong>Bibelundervisning <\/strong>\u00e4r pulsen i bibelskolan och best\u00e5r av kurser i Gamla respektive Nya testamentet.<br \/><strong><\/strong><\/li>\n<li style=\"text-align: left;\"><strong>Teologiundervisning\u00a0<\/strong>inneh\u00e5ller kurser om kyrkans tro och liv.<br \/><strong><\/strong><\/li>\n<li style=\"text-align: left;\"><strong>Apologetik <\/strong>hj\u00e4lper oss se p\u00e5 vilka grunder den kristna tron vilar.<br \/><strong> <\/strong><\/li>\n<li style=\"text-align: left;\"><strong>Praktik <\/strong>\u00e4r en viktig del av bibelskol\u00e5ret.\u00a0<span style=\"font-size: 16px;\">Genom att g\u00f6ra praktik i en kyrkas- eller kristen organisations verksamhet f\u00e5r du varje vecka chans att leva det du l\u00e4r. <span>Praktiken kommer att ske i form av en praktikplats i Uppsala, cirka 4 timmar i veckan.<\/span><\/span><\/li>\n<\/ul>\n<p style=\"text-align: left;\">Johannelunds bibelskola erbjuder kreativ pedagogik f\u00f6r att m\u00f6ta olika inl\u00e4rningsstilar. Oftas sker den teoretiska undervisningen p\u00e5 f\u00f6rmiddagar och praktiken p\u00e5 eftermiddagar\/kv\u00e4llar.<\/p>\n<p>[\/et_pb_text][\/et_pb_column][\/et_pb_row][et_pb_row column_structure=&#8221;1_2,1_2&#8243; use_custom_gutter=&#8221;on&#8221; gutter_width=&#8221;1&#8243; make_equal=&#8221;on&#8221; _builder_version=&#8221;4.25.1&#8243; max_width=&#8221;1166px&#8221; min_height=&#8221;0px&#8221; custom_margin=&#8221;|auto|0px|auto|false|false&#8221; custom_padding=&#8221;||0px||false|false&#8221; animation_style=&#8221;fade&#8221; locked=&#8221;off&#8221; collapsed=&#8221;off&#8221; global_colors_info=&#8221;{}&#8221;][et_pb_column type=&#8221;1_2&#8243; _builder_version=&#8221;4.25.1&#8243; background_color=&#8221;rgba(78,101,83,0.27)&#8221; custom_padding=&#8221;|||&#8221; global_colors_info=&#8221;{}&#8221; custom_padding__hover=&#8221;|||&#8221;][et_pb_divider show_divider=&#8221;off&#8221; _builder_version=&#8221;4.25.1&#8243; max_width=&#8221;60px&#8221; module_alignment=&#8221;center&#8221; height=&#8221;0px&#8221; global_colors_info=&#8221;{}&#8221;][\/et_pb_divider][et_pb_text _builder_version=&#8221;4.25.1&#8243; text_text_color=&#8221;#000000&#8243; text_font_size=&#8221;16px&#8221; text_letter_spacing=&#8221;1px&#8221; text_line_height=&#8221;2em&#8221; background_color=&#8221;RGBA(255,255,255,0)&#8221; text_orientation=&#8221;center&#8221; max_width=&#8221;1080px&#8221; module_alignment=&#8221;center&#8221; custom_margin=&#8221;||0px||false|false&#8221; custom_padding=&#8221;35px|35px|35px|35px|true|false&#8221; global_colors_info=&#8221;{}&#8221;]<\/p>\n<h2 style=\"text-align: left;\"><strong>undervisning i fyra omr\u00e5den<\/strong><\/h2>\n<p>&nbsp;<\/p>\n<ul>\n<li style=\"text-align: left;\"><strong>Bibelundervisning <\/strong>\u00e4r pulsen i bibelskolan och best\u00e5r av kurser i Gamla respektive Nya testamentet.<br \/><strong><\/strong><\/li>\n<li style=\"text-align: left;\"><strong>Teologiundervisning\u00a0<\/strong>inneh\u00e5ller kurser om kyrkans tro och liv.<br \/><strong><\/strong><\/li>\n<li style=\"text-align: left;\"><strong>Apologetik <\/strong>hj\u00e4lper oss se p\u00e5 vilka grunder den kristna tron vilar.<br \/><strong> <\/strong><\/li>\n<li style=\"text-align: left;\"><strong>Praktik <\/strong>\u00e4r en viktig del av bibelskoleterminen. <span style=\"font-size: 16px;\">Genom att g\u00f6ra praktik i en kyrkas- eller kristen organisations verksamhet f\u00e5r du chans att leva det du l\u00e4r. <span>Praktiken sker i Uppsala.<\/span><\/span><\/li>\n<\/ul>\n<p style=\"text-align: left;\">Johannelunds bibelskola erbjuder kreativ pedagogik f\u00f6r att m\u00f6ta olika inl\u00e4rningsstilar. Oftas sker den teoretiska undervisningen p\u00e5 f\u00f6rmiddagar och praktiken p\u00e5 eftermiddagar\/kv\u00e4llar.<\/p>\n<p>[\/et_pb_text][\/et_pb_column][et_pb_column type=&#8221;1_2&#8243; _builder_version=&#8221;4.25.1&#8243; _module_preset=&#8221;default&#8221; background_color=&#8221;rgba(255,206,0,0.56)&#8221; global_colors_info=&#8221;{}&#8221;][et_pb_text _builder_version=&#8221;4.25.1&#8243; text_text_color=&#8221;#000000&#8243; text_font_size=&#8221;16px&#8221; text_letter_spacing=&#8221;1px&#8221; text_line_height=&#8221;2em&#8221; background_color=&#8221;RGBA(255,255,255,0)&#8221; text_orientation=&#8221;center&#8221; max_width=&#8221;1080px&#8221; module_alignment=&#8221;center&#8221; min_height=&#8221;0px&#8221; custom_margin=&#8221;||128px|||&#8221; custom_padding=&#8221;35px|35px|37px|35px|false|false&#8221; global_colors_info=&#8221;{}&#8221;]<\/p>\n<div>\n<h2 style=\"text-align: left;\"><span style=\"color: #000000;\"><strong>utflykter och resor<\/strong><\/span><\/h2>\n<p style=\"text-align: left;\">Undervisningen p\u00e5 bibelskolan \u00e4r kostnadsfri. En allm\u00e4n avgift p\u00e5 2000 kr tas ut f\u00f6r att t\u00e4cka kostnader f\u00f6r bland annat gemensamma l\u00e4gerdagar, studiematerial och diverse studiebes\u00f6k. Kostnader f\u00f6r b\u00f6cker, skrivmaterial, kopiering ing\u00e5r inte i avgiften. Under terminen planeras en retreat i Sverige och n\u00e5gra utflykter som ing\u00e5r i avgiften. Ut\u00f6ver avgiften kan kostnader f\u00f6r enstaka buss- och t\u00e5gbiljetter tillkomma.<\/p>\n<\/div>\n<p>[\/et_pb_text][\/et_pb_column][\/et_pb_row][et_pb_row disabled_on=&#8221;on|on|on&#8221; _builder_version=&#8221;4.16&#8243; _module_preset=&#8221;default&#8221; disabled=&#8221;on&#8221; global_colors_info=&#8221;{}&#8221;][et_pb_column type=&#8221;4_4&#8243; _builder_version=&#8221;4.16&#8243; _module_preset=&#8221;default&#8221; global_colors_info=&#8221;{}&#8221;][et_pb_text module_id=&#8221;retreat&#8221; _builder_version=&#8221;4.25.1&#8243; text_font=&#8221;||||||||&#8221; header_font=&#8221;||||||||&#8221; header_2_font_size=&#8221;30px&#8221; header_2_letter_spacing=&#8221;1px&#8221; header_2_line_height=&#8221;1.4em&#8221; header_3_font=&#8221;Poppins|700||on|||||&#8221; header_3_text_color=&#8221;#d1563e&#8221; header_3_font_size=&#8221;18px&#8221; header_3_letter_spacing=&#8221;1px&#8221; header_3_line_height=&#8221;2em&#8221; text_orientation=&#8221;center&#8221; max_width=&#8221;700px&#8221; module_alignment=&#8221;center&#8221; custom_margin=&#8221;||||false|false&#8221; global_colors_info=&#8221;{}&#8221;]<\/p>\n<h2 style=\"text-align: left;\">utflykter &amp; resor<\/h2>\n<p>[\/et_pb_text][et_pb_text _builder_version=&#8221;4.25.1&#8243; text_font_size=&#8221;16px&#8221; text_letter_spacing=&#8221;1px&#8221; text_line_height=&#8221;2em&#8221; text_orientation=&#8221;center&#8221; max_width=&#8221;700px&#8221; module_alignment=&#8221;center&#8221; custom_padding=&#8221;7px|||||&#8221; global_colors_info=&#8221;{}&#8221;]<\/p>\n<p style=\"text-align: left;\">Undervisningen p\u00e5 bibelskolan \u00e4r kostnadsfri. En allm\u00e4n avgift p\u00e5 2000 kr tas ut f\u00f6r att t\u00e4cka kostnader f\u00f6r bland annat gemensamma l\u00e4gerdagar, studiematerial och diverse studiebes\u00f6k. Kostnader f\u00f6r b\u00f6cker, skrivmaterial, kopiering ing\u00e5r inte i avgiften. Under \u00e5ret planeras en retreat i Sverige och n\u00e5gra utflykter som ing\u00e5r i avgiften. Ut\u00f6ver avgiften kan kostnader f\u00f6r enstaka buss- och t\u00e5gbiljetter tillkomma.<\/p>\n<p>[\/et_pb_text][\/et_pb_column][\/et_pb_row][\/et_pb_section]<\/p>\n","protected":false},"excerpt":{"rendered":"<p>Vad?utbildningen &nbsp;L\u00c4S MERutflykter &amp; resorL\u00c4S MERUndervisningen \u00e4r uppdelad i fyra huvudomr\u00e5den. Bibelundervisning \u00e4r pulsen i bibelskolan och best\u00e5r av kurser i Gamla respektive Nya testamentet. Teologiundervisning\u00a0inneh\u00e5ller kurser om kyrkans tro och liv. Apologetik hj\u00e4lper oss se p\u00e5 vilka grunder den kristna tron vilar. Praktik \u00e4r en viktig del av bibelskol\u00e5ret.\u00a0Genom att g\u00f6ra praktik i en [&hellip;]<\/p>\n","protected":false},"author":1,"featured_media":0,"parent":0,"menu_order":0,"comment_status":"closed","ping_status":"closed","template":"","meta":{"_et_pb_use_builder":"on","_et_pb_old_content":"","_et_gb_content_width":"","footnotes":""},"class_list":["post-29","page","type-page","status-publish","hentry"],"_links":{"self":[{"href":"https:\/\/johannelund.nu\/bibelskola\/wp-json\/wp\/v2\/pages\/29","targetHints":{"allow":["GET"]}}],"collection":[{"href":"https:\/\/johannelund.nu\/bibelskola\/wp-json\/wp\/v2\/pages"}],"about":[{"href":"https:\/\/johannelund.nu\/bibelskola\/wp-json\/wp\/v2\/types\/page"}],"author":[{"embeddable":true,"href":"https:\/\/johannelund.nu\/bibelskola\/wp-json\/wp\/v2\/users\/1"}],"replies":[{"embeddable":true,"href":"https:\/\/johannelund.nu\/bibelskola\/wp-json\/wp\/v2\/comments?post=29"}],"version-history":[{"count":82,"href":"https:\/\/johannelund.nu\/bibelskola\/wp-json\/wp\/v2\/pages\/29\/revisions"}],"predecessor-version":[{"id":1821,"href":"https:\/\/johannelund.nu\/bibelskola\/wp-json\/wp\/v2\/pages\/29\/revisions\/1821"}],"wp:attachment":[{"href":"https:\/\/johannelund.nu\/bibelskola\/wp-json\/wp\/v2\/media?parent=29"}],"curies":[{"name":"wp","href":"https:\/\/api.w.org\/{rel}","templated":true}]}}